{"id":252,"date":"2018-12-17T16:15:05","date_gmt":"2018-12-17T16:15:05","guid":{"rendered":"http:\/\/accordesinfection.ch?page_id=252"},"modified":"2019-01-08T08:59:19","modified_gmt":"2019-01-08T08:59:19","slug":"services","status":"publish","type":"page","link":"https:\/\/accordesinfection.ch\/index.php\/services\/","title":{"rendered":"Services"},"content":{"rendered":"\t\t<div data-elementor-type=\"wp-post\" data-elementor-id=\"252\" class=\"elementor elementor-252 elementor-bc-flex-widget\" data-elementor-settings=\"[]\">\n\t\t\t\t\t\t<div class=\"elementor-inner\">\n\t\t\t\t\t\t\t<div class=\"elementor-section-wrap\">\n\t\t\t\t\t\t\t<section class=\"elementor-section elementor-top-section elementor-element elementor-element-938b35d elementor-section-full_width elementor-section-height-default elementor-section-height-default\" data-id=\"938b35d\" data-element_type=\"section\">\n\t\t\t\t\t\t<div class=\"elementor-container elementor-column-gap-no\">\n\t\t\t\t\t\t\t<div class=\"elementor-row\">\n\t\t\t\t\t<div class=\"elementor-column elementor-col-100 elementor-top-column elementor-element elementor-element-5eaac81\" data-id=\"5eaac81\" data-element_type=\"column\">\n\t\t\t<div class=\"elementor-column-wrap elementor-element-populated\">\n\t\t\t\t\t\t\t<div class=\"elementor-widget-wrap\">\n\t\t\t\t\t\t<div class=\"elementor-element elementor-element-9dd0d6a elementor-widget elementor-widget-themo-slider\" data-id=\"9dd0d6a\" data-element_type=\"widget\" data-widget_type=\"themo-slider.default\">\n\t\t\t\t<div class=\"elementor-widget-container\">\n\t\t\t\n\t\t<div id=\"main-flex-slider\" class=\"flexslider\">\n\t\t\t<ul class=\"slides\">\n\t\t\t\t\n                    \n                    \n\t\t\t\t\t\t\t\t\t\t                    \n                    <li class=\"elementor-repeater-item-cca1c58\">\n\t\t\t\t\t\t<div class=\"slider-bg slide-cal-center \">\n                            <div class=\"th-slide-wrap th-slider-overlay has-image-bg\">\n                                <div class=\"th-slide-inner  th-centered\">\n                                    <div class=\"th-slide-content\">\n                                                                                    <h1 class=\"slider-title\">ACCORD\u00e9sinfection<\/h1>\n                                        \n                                                                                    <div class=\"slider-subtitle\">\n                                                <p>Votre sp\u00e9cialiste contre les nuisibles<\/p>\n                                            <\/div>\n                                                                                \n                                        \n                                                                                                                                                                            \n                                            <div><\/div>                                                                            <\/div>\n                                <\/div>\n\t\t\t\t\t\t\t<\/div>\n\t\t\t\t\t\t<\/div>\n\t\t\t\t\t<\/li>\n\t\t\t\t\t\t\t<\/ul>\n\n\t\t\t\t\t<\/div>\n\n\t\t<script>\n\t\t\tjQuery( function ( $ ) {\n\n\t\t\t\tthemo_start_flex_slider(\n\t\t\t\t\t'#main-flex-slider',\n                    false,\n\t\t\t\t\t'fade',\n\t\t\t\t\t'swing',\n\t\t\t\t\ttrue,\n\t\t\t\t\ttrue,\n\t\t\t\t\t4000,\n\t\t\t\t\t550,\n\t\t\t\t\tfalse,\n\t\t\t\t\ttrue,\n\t\t\t\t\ttrue,\n\t\t\t\t\ttrue,\n\t\t\t\t\ttrue\t\t\t\t);\n\t\t\t} );\n\t\t<\/script>\n\t\t\t\t<\/div>\n\t\t\t\t<\/div>\n\t\t\t\t<div class=\"elementor-element elementor-element-e776b88 elementor-widget elementor-widget-spacer\" data-id=\"e776b88\" data-element_type=\"widget\" data-widget_type=\"spacer.default\">\n\t\t\t\t<div class=\"elementor-widget-container\">\n\t\t\t\t\t<div class=\"elementor-spacer\">\n\t\t\t<div class=\"elementor-spacer-inner\"><\/div>\n\t\t<\/div>\n\t\t\t\t<\/div>\n\t\t\t\t<\/div>\n\t\t\t\t<div class=\"elementor-element elementor-element-0b02bd0 elementor-view-default elementor-position-top elementor-widget elementor-widget-themo-header\" data-id=\"0b02bd0\" data-element_type=\"widget\" data-widget_type=\"themo-header.default\">\n\t\t\t\t<div class=\"elementor-widget-container\">\n\t\t\t\t\t<div class=\"th-header-wrap\">\n        <div class=\"elementor-icon-box-wrapper \">\n                            <div class=\"elementor-icon-box-content\">\n                    <h2 class=\"elementor-icon-box-title\">\n                        <span >Nos Services<\/span>\n                    <\/h2>\n                                            <span class=\"th-header-divider\"><\/span>\n                                        <p class=\"elementor-icon-box-description\"><\/p>\n\n                                    <\/div>\n            <\/div>\n\n        <\/div>\n\n\t\t\t\t<\/div>\n\t\t\t\t<\/div>\n\t\t\t\t\t\t<\/div>\n\t\t\t\t\t<\/div>\n\t\t<\/div>\n\t\t\t\t\t\t\t\t<\/div>\n\t\t\t\t\t<\/div>\n\t\t<\/section>\n\t\t\t\t<section class=\"elementor-section elementor-top-section elementor-element elementor-element-179b3e9 elementor-section-boxed elementor-section-height-default elementor-section-height-default\" data-id=\"179b3e9\" data-element_type=\"section\">\n\t\t\t\t\t\t<div class=\"elementor-container elementor-column-gap-default\">\n\t\t\t\t\t\t\t<div class=\"elementor-row\">\n\t\t\t\t\t<div class=\"elementor-column elementor-col-33 elementor-top-column elementor-element elementor-element-c16e676\" data-id=\"c16e676\" data-element_type=\"column\">\n\t\t\t<div class=\"elementor-column-wrap elementor-element-populated\">\n\t\t\t\t\t\t\t<div class=\"elementor-widget-wrap\">\n\t\t\t\t\t\t<div class=\"elementor-element elementor-element-3fb580d elementor-widget elementor-widget-image\" data-id=\"3fb580d\" data-element_type=\"widget\" data-widget_type=\"image.default\">\n\t\t\t\t<div class=\"elementor-widget-container\">\n\t\t\t\t\t<div class=\"elementor-image\">\n\t\t\t\t\t\t\t\t\t\t<img src=\"https:\/\/accordesinfection.ch\/wp-content\/uploads\/2018\/12\/bacterie-1.png\" title=\"bacterie\" alt=\"bacterie\" \/>\t\t\t\t\t\t\t\t\t\t\t<\/div>\n\t\t\t\t<\/div>\n\t\t\t\t<\/div>\n\t\t\t\t\t\t<\/div>\n\t\t\t\t\t<\/div>\n\t\t<\/div>\n\t\t\t\t<div class=\"elementor-column elementor-col-66 elementor-top-column elementor-element elementor-element-9a3285e\" data-id=\"9a3285e\" data-element_type=\"column\">\n\t\t\t<div class=\"elementor-column-wrap elementor-element-populated\">\n\t\t\t\t\t\t\t<div class=\"elementor-widget-wrap\">\n\t\t\t\t\t\t<div class=\"elementor-element elementor-element-e2329df elementor-widget elementor-widget-text-editor\" data-id=\"e2329df\" data-element_type=\"widget\" data-widget_type=\"text-editor.default\">\n\t\t\t\t<div class=\"elementor-widget-container\">\n\t\t\t\t\t<div class=\"elementor-text-editor elementor-clearfix\"><h4>D\u00e9sinfection<\/h4><p>Op\u00e9ration d&rsquo;\u00e9limination de certain germes et bact\u00e9ries, d\u00e9sinfection dans les locaux publics, les casernes, les \u00e9coles, les b\u00e2timents agricoles ainsi que la d\u00e9sinfection des locaux apr\u00e8s d\u00e9c\u00e8s.<\/p><\/div>\n\t\t\t\t<\/div>\n\t\t\t\t<\/div>\n\t\t\t\t\t\t<\/div>\n\t\t\t\t\t<\/div>\n\t\t<\/div>\n\t\t\t\t\t\t\t\t<\/div>\n\t\t\t\t\t<\/div>\n\t\t<\/section>\n\t\t\t\t<section class=\"elementor-section elementor-top-section elementor-element elementor-element-f913a0a elementor-section-boxed elementor-section-height-default elementor-section-height-default\" data-id=\"f913a0a\" data-element_type=\"section\">\n\t\t\t\t\t\t<div class=\"elementor-container elementor-column-gap-default\">\n\t\t\t\t\t\t\t<div class=\"elementor-row\">\n\t\t\t\t\t<div class=\"elementor-column elementor-col-33 elementor-top-column elementor-element elementor-element-a4d6fdd\" data-id=\"a4d6fdd\" data-element_type=\"column\">\n\t\t\t<div class=\"elementor-column-wrap elementor-element-populated\">\n\t\t\t\t\t\t\t<div class=\"elementor-widget-wrap\">\n\t\t\t\t\t\t<div class=\"elementor-element elementor-element-f7216f6 elementor-widget elementor-widget-image\" data-id=\"f7216f6\" data-element_type=\"widget\" data-widget_type=\"image.default\">\n\t\t\t\t<div class=\"elementor-widget-container\">\n\t\t\t\t\t<div class=\"elementor-image\">\n\t\t\t\t\t\t\t\t\t\t<img src=\"https:\/\/accordesinfection.ch\/wp-content\/uploads\/2018\/12\/cafard.png\" title=\"cafard\" alt=\"cafard\" \/>\t\t\t\t\t\t\t\t\t\t\t<\/div>\n\t\t\t\t<\/div>\n\t\t\t\t<\/div>\n\t\t\t\t\t\t<\/div>\n\t\t\t\t\t<\/div>\n\t\t<\/div>\n\t\t\t\t<div class=\"elementor-column elementor-col-66 elementor-top-column elementor-element elementor-element-0c6e681\" data-id=\"0c6e681\" data-element_type=\"column\">\n\t\t\t<div class=\"elementor-column-wrap elementor-element-populated\">\n\t\t\t\t\t\t\t<div class=\"elementor-widget-wrap\">\n\t\t\t\t\t\t<div class=\"elementor-element elementor-element-7741a1b elementor-widget elementor-widget-text-editor\" data-id=\"7741a1b\" data-element_type=\"widget\" data-widget_type=\"text-editor.default\">\n\t\t\t\t<div class=\"elementor-widget-container\">\n\t\t\t\t\t<div class=\"elementor-text-editor elementor-clearfix\"><h4>D\u00e9sinsectisation \/ D\u00e9sinfestation<\/h4><p>Elimination de tous les parasites de l\u2019habitat, blattes (cafards), fourmis, poissons d\u2019argent, mites, gu\u00eapes, frelons, acariens, araign\u00e9es, punaises de lit, etc<\/p><\/div>\n\t\t\t\t<\/div>\n\t\t\t\t<\/div>\n\t\t\t\t\t\t<\/div>\n\t\t\t\t\t<\/div>\n\t\t<\/div>\n\t\t\t\t\t\t\t\t<\/div>\n\t\t\t\t\t<\/div>\n\t\t<\/section>\n\t\t\t\t<section class=\"elementor-section elementor-top-section elementor-element elementor-element-5cdc850 elementor-section-boxed elementor-section-height-default elementor-section-height-default\" data-id=\"5cdc850\" data-element_type=\"section\">\n\t\t\t\t\t\t<div class=\"elementor-container elementor-column-gap-default\">\n\t\t\t\t\t\t\t<div class=\"elementor-row\">\n\t\t\t\t\t<div class=\"elementor-column elementor-col-33 elementor-top-column elementor-element elementor-element-3020038\" data-id=\"3020038\" data-element_type=\"column\">\n\t\t\t<div class=\"elementor-column-wrap elementor-element-populated\">\n\t\t\t\t\t\t\t<div class=\"elementor-widget-wrap\">\n\t\t\t\t\t\t<div class=\"elementor-element elementor-element-364b203 elementor-widget elementor-widget-image\" data-id=\"364b203\" data-element_type=\"widget\" data-widget_type=\"image.default\">\n\t\t\t\t<div class=\"elementor-widget-container\">\n\t\t\t\t\t<div class=\"elementor-image\">\n\t\t\t\t\t\t\t\t\t\t<img src=\"https:\/\/accordesinfection.ch\/wp-content\/uploads\/2018\/12\/souris.png\" title=\"souris\" alt=\"souris\" \/>\t\t\t\t\t\t\t\t\t\t\t<\/div>\n\t\t\t\t<\/div>\n\t\t\t\t<\/div>\n\t\t\t\t\t\t<\/div>\n\t\t\t\t\t<\/div>\n\t\t<\/div>\n\t\t\t\t<div class=\"elementor-column elementor-col-66 elementor-top-column elementor-element elementor-element-ed5a784\" data-id=\"ed5a784\" data-element_type=\"column\">\n\t\t\t<div class=\"elementor-column-wrap elementor-element-populated\">\n\t\t\t\t\t\t\t<div class=\"elementor-widget-wrap\">\n\t\t\t\t\t\t<div class=\"elementor-element elementor-element-2a05a3f elementor-widget elementor-widget-text-editor\" data-id=\"2a05a3f\" data-element_type=\"widget\" data-widget_type=\"text-editor.default\">\n\t\t\t\t<div class=\"elementor-widget-container\">\n\t\t\t\t\t<div class=\"elementor-text-editor elementor-clearfix\"><h4>D\u00e9ratisation \/ D\u00e9sourisation<\/h4><p>Lutte et \u00e9radication des rongeurs incommodant nos habitations tels que rats, souris, mulots, etc&#8230;<\/p><\/div>\n\t\t\t\t<\/div>\n\t\t\t\t<\/div>\n\t\t\t\t\t\t<\/div>\n\t\t\t\t\t<\/div>\n\t\t<\/div>\n\t\t\t\t\t\t\t\t<\/div>\n\t\t\t\t\t<\/div>\n\t\t<\/section>\n\t\t\t\t<section class=\"elementor-section elementor-top-section elementor-element elementor-element-0674bf5 elementor-section-boxed elementor-section-height-default elementor-section-height-default\" data-id=\"0674bf5\" data-element_type=\"section\">\n\t\t\t\t\t\t<div class=\"elementor-container elementor-column-gap-default\">\n\t\t\t\t\t\t\t<div class=\"elementor-row\">\n\t\t\t\t\t<div class=\"elementor-column elementor-col-33 elementor-top-column elementor-element elementor-element-08efbd7\" data-id=\"08efbd7\" data-element_type=\"column\">\n\t\t\t<div class=\"elementor-column-wrap elementor-element-populated\">\n\t\t\t\t\t\t\t<div class=\"elementor-widget-wrap\">\n\t\t\t\t\t\t<div class=\"elementor-element elementor-element-df89606 elementor-widget elementor-widget-image\" data-id=\"df89606\" data-element_type=\"widget\" data-widget_type=\"image.default\">\n\t\t\t\t<div class=\"elementor-widget-container\">\n\t\t\t\t\t<div class=\"elementor-image\">\n\t\t\t\t\t\t\t\t\t\t<img src=\"https:\/\/accordesinfection.ch\/wp-content\/uploads\/2018\/12\/pigeon.png\" title=\"pigeon\" alt=\"pigeon\" \/>\t\t\t\t\t\t\t\t\t\t\t<\/div>\n\t\t\t\t<\/div>\n\t\t\t\t<\/div>\n\t\t\t\t\t\t<\/div>\n\t\t\t\t\t<\/div>\n\t\t<\/div>\n\t\t\t\t<div class=\"elementor-column elementor-col-66 elementor-top-column elementor-element elementor-element-a699f7e\" data-id=\"a699f7e\" data-element_type=\"column\">\n\t\t\t<div class=\"elementor-column-wrap elementor-element-populated\">\n\t\t\t\t\t\t\t<div class=\"elementor-widget-wrap\">\n\t\t\t\t\t\t<div class=\"elementor-element elementor-element-43ba5cf elementor-widget elementor-widget-text-editor\" data-id=\"43ba5cf\" data-element_type=\"widget\" data-widget_type=\"text-editor.default\">\n\t\t\t\t<div class=\"elementor-widget-container\">\n\t\t\t\t\t<div class=\"elementor-text-editor elementor-clearfix\"><h4>D\u00e9pigeonnage<\/h4>\nPose de syst\u00e8mes de protection anti-pigeons afin d&rsquo;\u00e9viter toutes d\u00e9gradations\u00a0des b\u00e2timents.<\/div>\n\t\t\t\t<\/div>\n\t\t\t\t<\/div>\n\t\t\t\t\t\t<\/div>\n\t\t\t\t\t<\/div>\n\t\t<\/div>\n\t\t\t\t\t\t\t\t<\/div>\n\t\t\t\t\t<\/div>\n\t\t<\/section>\n\t\t\t\t<section class=\"elementor-section elementor-top-section elementor-element elementor-element-fac7d2c elementor-section-boxed elementor-section-height-default elementor-section-height-default\" data-id=\"fac7d2c\" data-element_type=\"section\">\n\t\t\t\t\t\t<div class=\"elementor-container elementor-column-gap-default\">\n\t\t\t\t\t\t\t<div class=\"elementor-row\">\n\t\t\t\t\t<div class=\"elementor-column elementor-col-33 elementor-top-column elementor-element elementor-element-d1dcb8e\" data-id=\"d1dcb8e\" data-element_type=\"column\">\n\t\t\t<div class=\"elementor-column-wrap elementor-element-populated\">\n\t\t\t\t\t\t\t<div class=\"elementor-widget-wrap\">\n\t\t\t\t\t\t<div class=\"elementor-element elementor-element-296780e elementor-widget elementor-widget-image\" data-id=\"296780e\" data-element_type=\"widget\" data-widget_type=\"image.default\">\n\t\t\t\t<div class=\"elementor-widget-container\">\n\t\t\t\t\t<div class=\"elementor-image\">\n\t\t\t\t\t\t\t\t\t\t<img src=\"https:\/\/accordesinfection.ch\/wp-content\/uploads\/2018\/12\/fouine.png\" title=\"fouine\" alt=\"fouine\" \/>\t\t\t\t\t\t\t\t\t\t\t<\/div>\n\t\t\t\t<\/div>\n\t\t\t\t<\/div>\n\t\t\t\t\t\t<\/div>\n\t\t\t\t\t<\/div>\n\t\t<\/div>\n\t\t\t\t<div class=\"elementor-column elementor-col-66 elementor-top-column elementor-element elementor-element-4ef9ed3\" data-id=\"4ef9ed3\" data-element_type=\"column\">\n\t\t\t<div class=\"elementor-column-wrap elementor-element-populated\">\n\t\t\t\t\t\t\t<div class=\"elementor-widget-wrap\">\n\t\t\t\t\t\t<div class=\"elementor-element elementor-element-8752a06 elementor-widget elementor-widget-text-editor\" data-id=\"8752a06\" data-element_type=\"widget\" data-widget_type=\"text-editor.default\">\n\t\t\t\t<div class=\"elementor-widget-container\">\n\t\t\t\t\t<div class=\"elementor-text-editor elementor-clearfix\"><h4>Lutte anti-fouine<\/h4>\nApplication de r\u00e9pulsif et fermeture des passages en toiture.<\/div>\n\t\t\t\t<\/div>\n\t\t\t\t<\/div>\n\t\t\t\t\t\t<\/div>\n\t\t\t\t\t<\/div>\n\t\t<\/div>\n\t\t\t\t\t\t\t\t<\/div>\n\t\t\t\t\t<\/div>\n\t\t<\/section>\n\t\t\t\t<section class=\"elementor-section elementor-top-section elementor-element elementor-element-0cb7e06 elementor-section-boxed elementor-section-height-default elementor-section-height-default\" data-id=\"0cb7e06\" data-element_type=\"section\">\n\t\t\t\t\t\t<div class=\"elementor-container elementor-column-gap-default\">\n\t\t\t\t\t\t\t<div class=\"elementor-row\">\n\t\t\t\t\t<div class=\"elementor-column elementor-col-100 elementor-top-column elementor-element elementor-element-45763ef\" data-id=\"45763ef\" data-element_type=\"column\">\n\t\t\t<div class=\"elementor-column-wrap elementor-element-populated\">\n\t\t\t\t\t\t\t<div class=\"elementor-widget-wrap\">\n\t\t\t\t\t\t<div class=\"elementor-element elementor-element-086142e elementor-widget elementor-widget-spacer\" data-id=\"086142e\" data-element_type=\"widget\" data-widget_type=\"spacer.default\">\n\t\t\t\t<div class=\"elementor-widget-container\">\n\t\t\t\t\t<div class=\"elementor-spacer\">\n\t\t\t<div class=\"elementor-spacer-inner\"><\/div>\n\t\t<\/div>\n\t\t\t\t<\/div>\n\t\t\t\t<\/div>\n\t\t\t\t\t\t<\/div>\n\t\t\t\t\t<\/div>\n\t\t<\/div>\n\t\t\t\t\t\t\t\t<\/div>\n\t\t\t\t\t<\/div>\n\t\t<\/section>\n\t\t\t\t\t\t<\/div>\n\t\t\t\t\t\t<\/div>\n\t\t\t\t\t<\/div>\n\t\t","protected":false},"excerpt":{"rendered":"<p>ACCORD\u00e9sinfection Votre sp\u00e9cialiste contre les nuisibles Nos Services D\u00e9sinfection Op\u00e9ration d&rsquo;\u00e9limination de certain germes et bact\u00e9ries, d\u00e9sinfection dans les locaux publics, les casernes, les \u00e9coles, les b\u00e2timents agricoles ainsi que la d\u00e9sinfection des locaux apr\u00e8s d\u00e9c\u00e8s. D\u00e9sinsectisation \/ D\u00e9sinfestation Elimination &hellip; <a href=\"https:\/\/accordesinfection.ch\/index.php\/services\/\">Read More<\/a><\/p>\n","protected":false},"author":1,"featured_media":0,"parent":0,"menu_order":0,"comment_status":"closed","ping_status":"closed","template":"","meta":[],"yoast_head":"<!-- This site is optimized with the Yoast SEO plugin v15.9.1 - https:\/\/yoast.com\/wordpress\/plugins\/seo\/ -->\n<title>Services - AccorDesinfection<\/title>\n<meta name=\"robots\" content=\"index, follow, max-snippet:-1, max-image-preview:large, max-video-preview:-1\" \/>\n<link rel=\"canonical\" href=\"http:\/\/accordesinfection.ch\/index.php\/services\/\" \/>\n<meta property=\"og:locale\" content=\"fr_FR\" \/>\n<meta property=\"og:type\" content=\"article\" \/>\n<meta property=\"og:title\" content=\"Services - AccorDesinfection\" \/>\n<meta property=\"og:description\" content=\"ACCORD\u00e9sinfection Votre sp\u00e9cialiste contre les nuisibles Nos Services D\u00e9sinfection Op\u00e9ration d&rsquo;\u00e9limination de certain germes et bact\u00e9ries, d\u00e9sinfection dans les locaux publics, les casernes, les \u00e9coles, les b\u00e2timents agricoles ainsi que la d\u00e9sinfection des locaux apr\u00e8s d\u00e9c\u00e8s. D\u00e9sinsectisation \/ D\u00e9sinfestation Elimination &hellip; Read More\" \/>\n<meta property=\"og:url\" content=\"http:\/\/accordesinfection.ch\/index.php\/services\/\" \/>\n<meta property=\"og:site_name\" content=\"AccorDesinfection\" \/>\n<meta property=\"article:modified_time\" content=\"2019-01-08T08:59:19+00:00\" \/>\n<meta property=\"og:image\" content=\"http:\/\/accordesinfection.chwp-content\/uploads\/elementor\/thumbs\/bacterie-1-o0nuxh42zk1we5gwumb6xtbtnxa69y6k18f8bpwdrk.png\" \/>\n<meta name=\"twitter:card\" content=\"summary_large_image\" \/>\n<meta name=\"twitter:label1\" content=\"Dur\u00e9e de lecture est.\">\n\t<meta name=\"twitter:data1\" content=\"1 minute\">\n<script type=\"application\/ld+json\" class=\"yoast-schema-graph\">{\"@context\":\"https:\/\/schema.org\",\"@graph\":[{\"@type\":\"WebSite\",\"@id\":\"https:\/\/accordesinfection.ch\/#website\",\"url\":\"https:\/\/accordesinfection.ch\/\",\"name\":\"AccorDesinfection\",\"description\":\"D\\u00e9sinfecteur officiel - Permis f\\u00e9d\\u00e9ral\",\"potentialAction\":[{\"@type\":\"SearchAction\",\"target\":\"https:\/\/accordesinfection.ch\/?s={search_term_string}\",\"query-input\":\"required name=search_term_string\"}],\"inLanguage\":\"fr-FR\"},{\"@type\":\"ImageObject\",\"@id\":\"http:\/\/accordesinfection.ch\/index.php\/services\/#primaryimage\",\"inLanguage\":\"fr-FR\",\"url\":\"http:\/\/accordesinfection.chwp-content\/uploads\/elementor\/thumbs\/bacterie-1-o0nuxh42zk1we5gwumb6xtbtnxa69y6k18f8bpwdrk.png\"},{\"@type\":\"WebPage\",\"@id\":\"http:\/\/accordesinfection.ch\/index.php\/services\/#webpage\",\"url\":\"http:\/\/accordesinfection.ch\/index.php\/services\/\",\"name\":\"Services - AccorDesinfection\",\"isPartOf\":{\"@id\":\"https:\/\/accordesinfection.ch\/#website\"},\"primaryImageOfPage\":{\"@id\":\"http:\/\/accordesinfection.ch\/index.php\/services\/#primaryimage\"},\"datePublished\":\"2018-12-17T16:15:05+00:00\",\"dateModified\":\"2019-01-08T08:59:19+00:00\",\"breadcrumb\":{\"@id\":\"http:\/\/accordesinfection.ch\/index.php\/services\/#breadcrumb\"},\"inLanguage\":\"fr-FR\",\"potentialAction\":[{\"@type\":\"ReadAction\",\"target\":[\"http:\/\/accordesinfection.ch\/index.php\/services\/\"]}]},{\"@type\":\"BreadcrumbList\",\"@id\":\"http:\/\/accordesinfection.ch\/index.php\/services\/#breadcrumb\",\"itemListElement\":[{\"@type\":\"ListItem\",\"position\":1,\"item\":{\"@type\":\"WebPage\",\"@id\":\"https:\/\/accordesinfection.ch\/\",\"url\":\"https:\/\/accordesinfection.ch\/\",\"name\":\"Accueil\"}},{\"@type\":\"ListItem\",\"position\":2,\"item\":{\"@type\":\"WebPage\",\"@id\":\"http:\/\/accordesinfection.ch\/index.php\/services\/\",\"url\":\"http:\/\/accordesinfection.ch\/index.php\/services\/\",\"name\":\"Services\"}}]}]}<\/script>\n<!-- \/ Yoast SEO plugin. -->","_links":{"self":[{"href":"https:\/\/accordesinfection.ch\/index.php\/wp-json\/wp\/v2\/pages\/252"}],"collection":[{"href":"https:\/\/accordesinfection.ch\/index.php\/wp-json\/wp\/v2\/pages"}],"about":[{"href":"https:\/\/accordesinfection.ch\/index.php\/wp-json\/wp\/v2\/types\/page"}],"author":[{"embeddable":true,"href":"https:\/\/accordesinfection.ch\/index.php\/wp-json\/wp\/v2\/users\/1"}],"replies":[{"embeddable":true,"href":"https:\/\/accordesinfection.ch\/index.php\/wp-json\/wp\/v2\/comments?post=252"}],"version-history":[{"count":20,"href":"https:\/\/accordesinfection.ch\/index.php\/wp-json\/wp\/v2\/pages\/252\/revisions"}],"predecessor-version":[{"id":593,"href":"https:\/\/accordesinfection.ch\/index.php\/wp-json\/wp\/v2\/pages\/252\/revisions\/593"}],"wp:attachment":[{"href":"https:\/\/accordesinfection.ch\/index.php\/wp-json\/wp\/v2\/media?parent=252"}],"curies":[{"name":"wp","href":"https:\/\/api.w.org\/{rel}","templated":true}]}}