{"id":237,"date":"2018-12-17T14:11:44","date_gmt":"2018-12-17T14:11:44","guid":{"rendered":"http:\/\/accordesinfection.ch?page_id=237"},"modified":"2019-01-28T20:08:37","modified_gmt":"2019-01-28T20:08:37","slug":"intervention","status":"publish","type":"page","link":"http:\/\/accordesinfection.ch\/index.php\/intervention\/","title":{"rendered":"Demande d&rsquo;intervention"},"content":{"rendered":"\t\t<div data-elementor-type=\"wp-post\" data-elementor-id=\"237\" class=\"elementor elementor-237 elementor-bc-flex-widget\" data-elementor-settings=\"[]\">\n\t\t\t\t\t\t<div class=\"elementor-inner\">\n\t\t\t\t\t\t\t<div class=\"elementor-section-wrap\">\n\t\t\t\t\t\t\t<section class=\"elementor-section elementor-top-section elementor-element elementor-element-938b35d elementor-section-full_width elementor-section-height-default elementor-section-height-default\" data-id=\"938b35d\" data-element_type=\"section\">\n\t\t\t\t\t\t<div class=\"elementor-container elementor-column-gap-no\">\n\t\t\t\t\t\t\t<div class=\"elementor-row\">\n\t\t\t\t\t<div class=\"elementor-column elementor-col-100 elementor-top-column elementor-element elementor-element-5eaac81\" data-id=\"5eaac81\" data-element_type=\"column\">\n\t\t\t<div class=\"elementor-column-wrap elementor-element-populated\">\n\t\t\t\t\t\t\t<div class=\"elementor-widget-wrap\">\n\t\t\t\t\t\t<div class=\"elementor-element elementor-element-9dd0d6a elementor-widget elementor-widget-themo-slider\" data-id=\"9dd0d6a\" data-element_type=\"widget\" data-widget_type=\"themo-slider.default\">\n\t\t\t\t<div class=\"elementor-widget-container\">\n\t\t\t\n\t\t<div id=\"main-flex-slider\" class=\"flexslider\">\n\t\t\t<ul class=\"slides\">\n\t\t\t\t\n                    \n                    \n\t\t\t\t\t\t\t\t\t\t                    \n                    <li class=\"elementor-repeater-item-cca1c58\">\n\t\t\t\t\t\t<div class=\"slider-bg slide-cal-center \">\n                            <div class=\"th-slide-wrap th-slider-overlay has-image-bg\">\n                                <div class=\"th-slide-inner  th-centered\">\n                                    <div class=\"th-slide-content\">\n                                                                                    <h1 class=\"slider-title\">ACCORD\u00e9sinfection<\/h1>\n                                        \n                                                                                    <div class=\"slider-subtitle\">\n                                                <p>Votre sp\u00e9cialiste contre les nuisibles<\/p>\n                                            <\/div>\n                                                                                \n                                        \n                                                                                                                                                                            \n                                            <div><\/div>                                                                            <\/div>\n                                <\/div>\n\t\t\t\t\t\t\t<\/div>\n\t\t\t\t\t\t<\/div>\n\t\t\t\t\t<\/li>\n\t\t\t\t\t\t\t<\/ul>\n\n\t\t\t\t\t<\/div>\n\n\t\t<script>\n\t\t\tjQuery( function ( $ ) {\n\n\t\t\t\tthemo_start_flex_slider(\n\t\t\t\t\t'#main-flex-slider',\n                    false,\n\t\t\t\t\t'fade',\n\t\t\t\t\t'swing',\n\t\t\t\t\ttrue,\n\t\t\t\t\ttrue,\n\t\t\t\t\t4000,\n\t\t\t\t\t550,\n\t\t\t\t\tfalse,\n\t\t\t\t\ttrue,\n\t\t\t\t\ttrue,\n\t\t\t\t\ttrue,\n\t\t\t\t\ttrue\t\t\t\t);\n\t\t\t} );\n\t\t<\/script>\n\t\t\t\t<\/div>\n\t\t\t\t<\/div>\n\t\t\t\t<div class=\"elementor-element elementor-element-e776b88 elementor-widget elementor-widget-spacer\" data-id=\"e776b88\" data-element_type=\"widget\" data-widget_type=\"spacer.default\">\n\t\t\t\t<div class=\"elementor-widget-container\">\n\t\t\t\t\t<div class=\"elementor-spacer\">\n\t\t\t<div class=\"elementor-spacer-inner\"><\/div>\n\t\t<\/div>\n\t\t\t\t<\/div>\n\t\t\t\t<\/div>\n\t\t\t\t\t\t<\/div>\n\t\t\t\t\t<\/div>\n\t\t<\/div>\n\t\t\t\t\t\t\t\t<\/div>\n\t\t\t\t\t<\/div>\n\t\t<\/section>\n\t\t\t\t<section class=\"elementor-section elementor-top-section elementor-element elementor-element-13c2ebb elementor-section-boxed elementor-section-height-default elementor-section-height-default\" data-id=\"13c2ebb\" data-element_type=\"section\">\n\t\t\t\t\t\t<div class=\"elementor-container elementor-column-gap-default\">\n\t\t\t\t\t\t\t<div class=\"elementor-row\">\n\t\t\t\t\t<div class=\"elementor-column elementor-col-100 elementor-top-column elementor-element elementor-element-404969e\" data-id=\"404969e\" data-element_type=\"column\">\n\t\t\t<div class=\"elementor-column-wrap elementor-element-populated\">\n\t\t\t\t\t\t\t<div class=\"elementor-widget-wrap\">\n\t\t\t\t\t\t<div class=\"elementor-element elementor-element-2846293 elementor-view-default elementor-position-top elementor-widget elementor-widget-themo-header\" data-id=\"2846293\" data-element_type=\"widget\" data-widget_type=\"themo-header.default\">\n\t\t\t\t<div class=\"elementor-widget-container\">\n\t\t\t\t\t<div class=\"th-header-wrap\">\n        <div class=\"elementor-icon-box-wrapper \">\n                            <div class=\"elementor-icon-box-content\">\n                    <h2 class=\"elementor-icon-box-title\">\n                        <span >Demande d&#039;intervention<\/span>\n                    <\/h2>\n                                            <span class=\"th-header-divider\"><\/span>\n                                        <p class=\"elementor-icon-box-description\"><\/p>\n\n                                    <\/div>\n            <\/div>\n\n        <\/div>\n\n\t\t\t\t<\/div>\n\t\t\t\t<\/div>\n\t\t\t\t<div class=\"elementor-element elementor-element-2b07dcf elementor-widget elementor-widget-text-editor\" data-id=\"2b07dcf\" data-element_type=\"widget\" data-widget_type=\"text-editor.default\">\n\t\t\t\t<div class=\"elementor-widget-container\">\n\t\t\t\t\t<div class=\"elementor-text-editor elementor-clearfix\"><p>D\u00e9crivez-nous le probl\u00e8me rencontr\u00e9 ci-dessous. Nous reprendrons contact avec vous dans les plus brefs d\u00e9lais pour fixer un rendez-vous et vous communiquer le prix d\u2019intervention selon vos explications.<\/p><\/div>\n\t\t\t\t<\/div>\n\t\t\t\t<\/div>\n\t\t\t\t\t\t<\/div>\n\t\t\t\t\t<\/div>\n\t\t<\/div>\n\t\t\t\t\t\t\t\t<\/div>\n\t\t\t\t\t<\/div>\n\t\t<\/section>\n\t\t\t\t<section class=\"elementor-section elementor-top-section elementor-element elementor-element-88e0bf9 elementor-section-boxed elementor-section-height-default elementor-section-height-default\" data-id=\"88e0bf9\" data-element_type=\"section\">\n\t\t\t\t\t\t<div class=\"elementor-container elementor-column-gap-default\">\n\t\t\t\t\t\t\t<div class=\"elementor-row\">\n\t\t\t\t\t<div class=\"elementor-column elementor-col-100 elementor-top-column elementor-element elementor-element-c07c909\" data-id=\"c07c909\" data-element_type=\"column\">\n\t\t\t<div class=\"elementor-column-wrap elementor-element-populated\">\n\t\t\t\t\t\t\t<div class=\"elementor-widget-wrap\">\n\t\t\t\t\t\t<div class=\"elementor-element elementor-element-697e2f3 elementor-widget elementor-widget-themo-formidable-form\" data-id=\"697e2f3\" data-element_type=\"widget\" data-widget_type=\"themo-formidable-form.default\">\n\t\t\t\t<div class=\"elementor-widget-container\">\n\t\t\t            <div class=\"th-fo-form  th-centered th-form-default  th-btn-form btn-standard-primary-form\"><div class=\"frm_forms  with_frm_style frm_style_formidable-style\" id=\"frm_form_5_container\" >\n<form enctype=\"multipart\/form-data\" method=\"post\" class=\"frm-show-form \" id=\"form_contact-form2\"  >\n<div class=\"frm_form_fields \">\n<fieldset>\n<legend class=\"frm_screen_reader\">Demande d'intervention<\/legend>\r\n\r\n<div class=\"frm_fields_container\">\n<input type=\"hidden\" name=\"frm_action\" value=\"create\" \/>\n<input type=\"hidden\" name=\"form_id\" value=\"5\" \/>\n<input type=\"hidden\" name=\"frm_hide_fields_5\" id=\"frm_hide_fields_5\" value=\"\" \/>\n<input type=\"hidden\" name=\"form_key\" value=\"contact-form2\" \/>\n<input type=\"hidden\" name=\"item_meta[0]\" value=\"\" \/>\n<input type=\"hidden\" id=\"frm_submit_entry_5\" name=\"frm_submit_entry_5\" value=\"980981cd0c\" \/><input type=\"hidden\" name=\"_wp_http_referer\" value=\"\/index.php\/wp-json\/wp\/v2\/pages\/237\" \/><div id=\"frm_field_16_container\" class=\"frm_form_field form-field  frm_required_field frm_left_container frm_full\">\r\n<label for=\"field_qh4icy4\" class=\"frm_primary_label\">Nom, pr\u00e9nom\r\n        <span class=\"frm_required\">*<\/span>\r\n    <\/label>\r\n    <input type=\"text\" id=\"field_qh4icy4\" name=\"item_meta[16]\" value=\"\"  data-reqmsg=\"Ce champ ne peut pas \u00eatre vide\" aria-required=\"true\" data-invmsg=\"Name est non valide\" aria-invalid=\"false\"  \/>\r\n    \r\n    \r\n<\/div>\n<div id=\"frm_field_17_container\" class=\"frm_form_field form-field  frm_required_field frm_left_container frm_full\">\r\n<label for=\"field_29yf4d4\" class=\"frm_primary_label\">Adresse email\r\n        <span class=\"frm_required\">*<\/span>\r\n    <\/label>\r\n    <input type=\"email\" id=\"field_29yf4d4\" name=\"item_meta[17]\" value=\"\"  data-reqmsg=\"Ce champ ne peut pas \u00eatre vide\" aria-required=\"true\" data-invmsg=\"Please enter a valid email address\" aria-invalid=\"false\"  \/>\r\n    \r\n    \r\n<\/div>\n<div id=\"frm_field_18_container\" class=\"frm_form_field form-field  frm_required_field frm_left_container frm_full\">\r\n<label for=\"field_e6lis64\" class=\"frm_primary_label\">Adresse\r\n        <span class=\"frm_required\">*<\/span>\r\n    <\/label>\r\n     <input type=\"text\" id=\"field_e6lis64\" name=\"item_meta[18]\" value=\"\"  data-reqmsg=\"Ce champ ne peut pas \u00eatre vide\" aria-required=\"true\" data-invmsg=\"Subject est non valide\" aria-invalid=\"false\"  \/>\r\n    \r\n    \r\n<\/div>\n<div id=\"frm_field_28_container\" class=\"frm_form_field form-field  frm_required_field frm_left_container frm_full\">\r\n<label for=\"field_nfdrk\" class=\"frm_primary_label\">Code postal, lieu\r\n        <span class=\"frm_required\">*<\/span>\r\n    <\/label>\r\n     <input type=\"text\" id=\"field_nfdrk\" name=\"item_meta[28]\" value=\"\"  data-reqmsg=\"Ce champ ne peut pas \u00eatre vide\" aria-required=\"true\" data-invmsg=\"Subject est non valide\" aria-invalid=\"false\"  \/>\r\n    \r\n    \r\n<\/div>\n<div id=\"frm_field_20_container\" class=\"frm_form_field form-field  frm_required_field frm_left_container frm_full\">\r\n<label for=\"field_kfu0w\" class=\"frm_primary_label\">T\u00e9l\u00e9phone\r\n        <span class=\"frm_required\">*<\/span>\r\n    <\/label>\r\n     <input type=\"text\" id=\"field_kfu0w\" name=\"item_meta[20]\" value=\"\"  data-reqmsg=\"Ce champ ne peut pas \u00eatre vide\" aria-required=\"true\" data-invmsg=\"Subject est non valide\" aria-invalid=\"false\"  \/>\r\n    \r\n    \r\n<\/div>\n<div id=\"frm_field_21_container\" class=\"frm_form_field form-field  frm_required_field frm_left_container\">\r\n    <label for=\"field_mcozs\" class=\"frm_primary_label\">Secteur\r\n        <span class=\"frm_required\">*<\/span>\r\n    <\/label>\r\n    \t\t<select name=\"item_meta[21]\" id=\"field_mcozs\"  data-reqmsg=\"Ce champ ne peut pas \u00eatre vide\" aria-required=\"true\" data-invmsg=\"Secteur est non valide\" aria-invalid=\"false\"  >\n\t\t\t\t<option value=\"\"  selected=\"selected\" class=\"\">\n\t\t\t \t\t<\/option>\n\t\t\t<option value=\"Gen\u00e8ve\"  class=\"\">\n\t\t\tGen\u00e8ve\t\t<\/option>\n\t\t\t<option value=\"Lausanne\"  class=\"\">\n\t\t\tLausanne\t\t<\/option>\n\t\t\t<option value=\"Yverdon\"  class=\"\">\n\t\t\tYverdon\t\t<\/option>\n\t\t\t<option value=\"Fribourg\"  class=\"\">\n\t\t\tFribourg\t\t<\/option>\n\t\t\t<option value=\"Neuch\u00e2tel\"  class=\"\">\n\t\t\tNeuch\u00e2tel\t\t<\/option>\n\t\t<\/select>\n\t\r\n    \r\n    \r\n<\/div>\n<div id=\"frm_field_22_container\" class=\"frm_form_field form-field  frm_required_field frm_left_container\">\r\n    <label for=\"field_vpqh\" class=\"frm_primary_label\">Genre de nuisible\r\n        <span class=\"frm_required\">*<\/span>\r\n    <\/label>\r\n    \t\t<select name=\"item_meta[22]\" id=\"field_vpqh\"  data-reqmsg=\"Ce champ ne peut pas \u00eatre vide\" aria-required=\"true\" data-invmsg=\"Genre de nuisible est non valide\" aria-invalid=\"false\"  >\n\t\t\t\t<option value=\"\"  selected=\"selected\" class=\"\">\n\t\t\t \t\t<\/option>\n\t\t\t<option value=\"Rats\"  class=\"\">\n\t\t\tRats\t\t<\/option>\n\t\t\t<option value=\"Souris\"  class=\"\">\n\t\t\tSouris\t\t<\/option>\n\t\t\t<option value=\"Gu\u00eapes\"  class=\"\">\n\t\t\tGu\u00eapes\t\t<\/option>\n\t\t\t<option value=\"Fourmis\"  class=\"\">\n\t\t\tFourmis\t\t<\/option>\n\t\t\t<option value=\"Mietes\"  class=\"\">\n\t\t\tMietes\t\t<\/option>\n\t\t\t<option value=\"Cafards\"  class=\"\">\n\t\t\tCafards\t\t<\/option>\n\t\t\t<option value=\"Non identifi\u00e9\"  class=\"\">\n\t\t\tNon identifi\u00e9\t\t<\/option>\n\t\t<\/select>\n\t\r\n    \r\n    \r\n<\/div>\n<div id=\"frm_field_23_container\" class=\"frm_form_field form-field  frm_required_field frm_left_container\">\r\n    <label for=\"field_2g47q\" class=\"frm_primary_label\">D\u00e9lai d'ex\u00e9cution, urgence\r\n        <span class=\"frm_required\">*<\/span>\r\n    <\/label>\r\n    \t\t<select name=\"item_meta[23]\" id=\"field_2g47q\"  data-reqmsg=\"Ce champ ne peut pas \u00eatre vide\" aria-required=\"true\" data-invmsg=\"D\u00e9lai d&#039;ex\u00e9cution, urgence est non valide\" aria-invalid=\"false\"  >\n\t\t\t\t<option value=\"\"  selected=\"selected\" class=\"\">\n\t\t\t \t\t<\/option>\n\t\t\t<option value=\"Urgent\"  class=\"\">\n\t\t\tUrgent\t\t<\/option>\n\t\t\t<option value=\"Cette semaine\"  class=\"\">\n\t\t\tCette semaine\t\t<\/option>\n\t\t\t<option value=\"Ce mois\"  class=\"\">\n\t\t\tCe mois\t\t<\/option>\n\t\t<\/select>\n\t\r\n    \r\n    \r\n<\/div>\n<div id=\"frm_field_19_container\" class=\"frm_form_field form-field  frm_left_container frm_full\">\r\n    <label for=\"field_9jv0r14\" class=\"frm_primary_label\">Situation\r\n        <span class=\"frm_required\"><\/span>\r\n    <\/label>\r\n    <textarea name=\"item_meta[19]\" id=\"field_9jv0r14\" rows=\"5\"  data-invmsg=\"Situation est non valide\" aria-invalid=\"false\"  ><\/textarea>\r\n    \r\n    \r\n<\/div>\n<div id=\"frm_field_24_container\" class=\"frm_form_field form-field  frm_required_field frm_left_container frm_full\">\r\n    <label for=\"field_k4hfe\" class=\"frm_primary_label\">Explication, notes\r\n        <span class=\"frm_required\">*<\/span>\r\n    <\/label>\r\n    <textarea name=\"item_meta[24]\" id=\"field_k4hfe\" rows=\"5\"  data-reqmsg=\"Ce champ ne peut pas \u00eatre vide\" aria-required=\"true\" data-invmsg=\"Explication, notes est non valide\" aria-invalid=\"false\"  ><\/textarea>\r\n    \r\n    \r\n<\/div>\n<div id=\"frm_field_31_container\" class=\"frm_form_field form-field  frm_none_container\">\n    <div  id=\"field_79amy_label\" class=\"frm_primary_label\">reCAPTCHA\n        <span class=\"frm_required\"><\/span>\n    <\/div>\n    <div id=\"field_79amy\" class=\"frm-g-recaptcha\" data-sitekey=\"6LckcDUUAAAAAGPzV82xaDQ1qDyH95wLeUTAq9M9\" data-size=\"normal\" data-theme=\"light\"><\/div>\n    \n    \n<\/div>\n<input type=\"hidden\" name=\"item_key\" value=\"\" \/>\n\t<div class=\"frm_verify\" >\n\t<label for=\"frm_email_5\">\n\t\tSi vous \u00eates un humain, ne remplissez pas ce champ.\t<\/label>\n\t<input type=\"email\" class=\"frm_verify\" id=\"frm_email_5\" name=\"frm_verify\" value=\"\"  \/>\n<\/div>\n\t\t<div class=\"frm_submit\">\r\n\r\n<button class=\"frm_button_submit btn-1 btn th-btn btn-standard-primary\" type=\"submit\"  >Envoyer la demande<\/button>\r\n\r\n<\/div><\/div>\n<\/fieldset>\n<\/div>\n<\/form>\n<\/div>\n<\/div>\n            \t\t<\/div>\n\t\t\t\t<\/div>\n\t\t\t\t\t\t<\/div>\n\t\t\t\t\t<\/div>\n\t\t<\/div>\n\t\t\t\t\t\t\t\t<\/div>\n\t\t\t\t\t<\/div>\n\t\t<\/section>\n\t\t\t\t<section class=\"elementor-section elementor-top-section elementor-element elementor-element-0fba310 elementor-section-boxed elementor-section-height-default elementor-section-height-default\" data-id=\"0fba310\" data-element_type=\"section\">\n\t\t\t\t\t\t<div class=\"elementor-container elementor-column-gap-default\">\n\t\t\t\t\t\t\t<div class=\"elementor-row\">\n\t\t\t\t\t<div class=\"elementor-column elementor-col-100 elementor-top-column elementor-element elementor-element-d9cfa25\" data-id=\"d9cfa25\" data-element_type=\"column\">\n\t\t\t<div class=\"elementor-column-wrap elementor-element-populated\">\n\t\t\t\t\t\t\t<div class=\"elementor-widget-wrap\">\n\t\t\t\t\t\t<div class=\"elementor-element elementor-element-c870a43 elementor-widget elementor-widget-spacer\" data-id=\"c870a43\" data-element_type=\"widget\" data-widget_type=\"spacer.default\">\n\t\t\t\t<div class=\"elementor-widget-container\">\n\t\t\t\t\t<div class=\"elementor-spacer\">\n\t\t\t<div class=\"elementor-spacer-inner\"><\/div>\n\t\t<\/div>\n\t\t\t\t<\/div>\n\t\t\t\t<\/div>\n\t\t\t\t\t\t<\/div>\n\t\t\t\t\t<\/div>\n\t\t<\/div>\n\t\t\t\t\t\t\t\t<\/div>\n\t\t\t\t\t<\/div>\n\t\t<\/section>\n\t\t\t\t\t\t<\/div>\n\t\t\t\t\t\t<\/div>\n\t\t\t\t\t<\/div>\n\t\t","protected":false},"excerpt":{"rendered":"<p>ACCORD\u00e9sinfection Votre sp\u00e9cialiste contre les nuisibles Demande d&rsquo;intervention D\u00e9crivez-nous le probl\u00e8me rencontr\u00e9 ci-dessous. Nous reprendrons contact avec vous dans les plus brefs d\u00e9lais pour fixer un rendez-vous et vous communiquer le prix d\u2019intervention selon vos explications. Demande d&rsquo;intervention If you &hellip; <a href=\"http:\/\/accordesinfection.ch\/index.php\/intervention\/\">Read More<\/a><\/p>\n","protected":false},"author":1,"featured_media":0,"parent":0,"menu_order":0,"comment_status":"closed","ping_status":"closed","template":"","meta":[],"yoast_head":"<!-- This site is optimized with the Yoast SEO plugin v15.9.1 - https:\/\/yoast.com\/wordpress\/plugins\/seo\/ -->\n<title>Demande d&#039;intervention - AccorDesinfection<\/title>\n<meta name=\"description\" content=\"Vous rencontrez un probl\u00e8me de nuisibles ? D\u00e9crivez-nous le probl\u00e8me et nous reprendrons contact avec vous rapidement afin de fixer un rendez-vous.\" \/>\n<meta name=\"robots\" content=\"index, follow, max-snippet:-1, max-image-preview:large, max-video-preview:-1\" \/>\n<link rel=\"canonical\" href=\"https:\/\/accordesinfection.ch\/index.php\/intervention\/\" \/>\n<meta property=\"og:locale\" content=\"fr_FR\" \/>\n<meta property=\"og:type\" content=\"article\" \/>\n<meta property=\"og:title\" content=\"Demande d&#039;intervention - AccorDesinfection\" \/>\n<meta property=\"og:description\" content=\"Vous rencontrez un probl\u00e8me de nuisibles ? D\u00e9crivez-nous le probl\u00e8me et nous reprendrons contact avec vous rapidement afin de fixer un rendez-vous.\" \/>\n<meta property=\"og:url\" content=\"https:\/\/accordesinfection.ch\/index.php\/intervention\/\" \/>\n<meta property=\"og:site_name\" content=\"AccorDesinfection\" \/>\n<meta property=\"article:modified_time\" content=\"2019-01-28T20:08:37+00:00\" \/>\n<meta name=\"twitter:card\" content=\"summary_large_image\" \/>\n<script type=\"application\/ld+json\" class=\"yoast-schema-graph\">{\"@context\":\"https:\/\/schema.org\",\"@graph\":[{\"@type\":\"WebSite\",\"@id\":\"http:\/\/accordesinfection.ch\/#website\",\"url\":\"http:\/\/accordesinfection.ch\/\",\"name\":\"AccorDesinfection\",\"description\":\"D\\u00e9sinfecteur officiel - Permis f\\u00e9d\\u00e9ral\",\"potentialAction\":[{\"@type\":\"SearchAction\",\"target\":\"http:\/\/accordesinfection.ch\/?s={search_term_string}\",\"query-input\":\"required name=search_term_string\"}],\"inLanguage\":\"fr-FR\"},{\"@type\":\"WebPage\",\"@id\":\"https:\/\/accordesinfection.ch\/index.php\/intervention\/#webpage\",\"url\":\"https:\/\/accordesinfection.ch\/index.php\/intervention\/\",\"name\":\"Demande d'intervention - AccorDesinfection\",\"isPartOf\":{\"@id\":\"http:\/\/accordesinfection.ch\/#website\"},\"datePublished\":\"2018-12-17T14:11:44+00:00\",\"dateModified\":\"2019-01-28T20:08:37+00:00\",\"description\":\"Vous rencontrez un probl\\u00e8me de nuisibles ? D\\u00e9crivez-nous le probl\\u00e8me et nous reprendrons contact avec vous rapidement afin de fixer un rendez-vous.\",\"breadcrumb\":{\"@id\":\"https:\/\/accordesinfection.ch\/index.php\/intervention\/#breadcrumb\"},\"inLanguage\":\"fr-FR\",\"potentialAction\":[{\"@type\":\"ReadAction\",\"target\":[\"https:\/\/accordesinfection.ch\/index.php\/intervention\/\"]}]},{\"@type\":\"BreadcrumbList\",\"@id\":\"https:\/\/accordesinfection.ch\/index.php\/intervention\/#breadcrumb\",\"itemListElement\":[{\"@type\":\"ListItem\",\"position\":1,\"item\":{\"@type\":\"WebPage\",\"@id\":\"http:\/\/accordesinfection.ch\/\",\"url\":\"http:\/\/accordesinfection.ch\/\",\"name\":\"Accueil\"}},{\"@type\":\"ListItem\",\"position\":2,\"item\":{\"@type\":\"WebPage\",\"@id\":\"https:\/\/accordesinfection.ch\/index.php\/intervention\/\",\"url\":\"https:\/\/accordesinfection.ch\/index.php\/intervention\/\",\"name\":\"Demande d&#8217;intervention\"}}]}]}<\/script>\n<!-- \/ Yoast SEO plugin. -->","_links":{"self":[{"href":"http:\/\/accordesinfection.ch\/index.php\/wp-json\/wp\/v2\/pages\/237"}],"collection":[{"href":"http:\/\/accordesinfection.ch\/index.php\/wp-json\/wp\/v2\/pages"}],"about":[{"href":"http:\/\/accordesinfection.ch\/index.php\/wp-json\/wp\/v2\/types\/page"}],"author":[{"embeddable":true,"href":"http:\/\/accordesinfection.ch\/index.php\/wp-json\/wp\/v2\/users\/1"}],"replies":[{"embeddable":true,"href":"http:\/\/accordesinfection.ch\/index.php\/wp-json\/wp\/v2\/comments?post=237"}],"version-history":[{"count":20,"href":"http:\/\/accordesinfection.ch\/index.php\/wp-json\/wp\/v2\/pages\/237\/revisions"}],"predecessor-version":[{"id":741,"href":"http:\/\/accordesinfection.ch\/index.php\/wp-json\/wp\/v2\/pages\/237\/revisions\/741"}],"wp:attachment":[{"href":"http:\/\/accordesinfection.ch\/index.php\/wp-json\/wp\/v2\/media?parent=237"}],"curies":[{"name":"wp","href":"https:\/\/api.w.org\/{rel}","templated":true}]}}